{"id":219,"date":"2023-03-21T09:27:59","date_gmt":"2023-03-21T09:27:59","guid":{"rendered":"https:\/\/demo2wpopal.b-cdn.net\/suppre\/?page_id=219"},"modified":"2025-08-11T17:56:04","modified_gmt":"2025-08-11T17:56:04","slug":"questions-frequemment-posees-2","status":"publish","type":"page","link":"https:\/\/terpybcn.com\/fr\/questions-frequemment-posees-2\/","title":{"rendered":"QUESTIONS FR\u00c9QUEMMENT POS\u00c9ES"},"content":{"rendered":"\t\t<div data-elementor-type=\"wp-page\" data-elementor-id=\"219\" class=\"elementor elementor-219\" data-elementor-post-type=\"page\">\n\t\t\t\t<div class=\"elementor-element elementor-element-fc768fe e-flex e-con-boxed e-con e-parent\" data-id=\"fc768fe\" data-element_type=\"container\" data-e-type=\"container\">\n\t\t\t\t\t<div class=\"e-con-inner\">\n\t\t<div class=\"elementor-element elementor-element-6e8b516 e-con-full e-flex e-con e-child\" data-id=\"6e8b516\" data-element_type=\"container\" data-e-type=\"container\">\n\t\t\t\t<div class=\"elementor-element elementor-element-b7171ea elementor-widget elementor-widget-heading\" data-id=\"b7171ea\" data-element_type=\"widget\" data-e-type=\"widget\" data-widget_type=\"heading.default\">\n\t\t\t\t<div class=\"elementor-widget-container\">\n\t\t\t\t\t<h1 class=\"elementor-heading-title elementor-size-default\">Preguntas Frecuentes<\/h1>\t\t\t\t<\/div>\n\t\t\t\t<\/div>\n\t\t\t\t<\/div>\n\t\t<div class=\"elementor-element elementor-element-b05ef24 e-con-full e-flex e-con e-child\" data-id=\"b05ef24\" data-element_type=\"container\" data-e-type=\"container\">\n\t\t\t\t<div class=\"elementor-element elementor-element-619ce89 elementor-widget elementor-widget-accordion\" data-id=\"619ce89\" data-element_type=\"widget\" data-e-type=\"widget\" data-widget_type=\"accordion.default\">\n\t\t\t\t<div class=\"elementor-widget-container\">\n\t\t\t\t\t\t\t<div class=\"elementor-accordion\">\n\t\t\t\t\t\t\t<div class=\"elementor-accordion-item\">\n\t\t\t\t\t<h6 id=\"elementor-tab-title-1021\" class=\"elementor-tab-title\" data-tab=\"1\" role=\"button\" aria-controls=\"elementor-tab-content-1021\" aria-expanded=\"false\">\n\t\t\t\t\t\t\t\t\t\t\t\t\t<span class=\"elementor-accordion-icon elementor-accordion-icon-right\" aria-hidden=\"true\">\n\t\t\t\t\t\t\t\t\t\t\t\t\t\t\t<span class=\"elementor-accordion-icon-closed\"><i class=\"suppre-icon- suppre-icon-plus\"><\/i><\/span>\n\t\t\t\t\t\t\t\t<span class=\"elementor-accordion-icon-opened\"><i class=\"suppre-icon- suppre-icon-plus\"><\/i><\/span>\n\t\t\t\t\t\t\t\t\t\t\t\t\t\t<\/span>\n\t\t\t\t\t\t\t\t\t\t\t\t<a class=\"elementor-accordion-title\" tabindex=\"0\">\u00bfQu\u00e9 es una Asociaci\u00f3n Cann\u00e1bica?<\/a>\n\t\t\t\t\t<\/h6>\n\t\t\t\t\t<div id=\"elementor-tab-content-1021\" class=\"elementor-tab-content elementor-clearfix\" data-tab=\"1\" role=\"region\" aria-labelledby=\"elementor-tab-title-1021\"><p><span style=\"font-weight: 400;\">Una asociaci\u00f3n cann\u00e1bica en Barcelona es una organizaci\u00f3n sin \u00e1nimo de lucro donde los miembros pueden reunirse para consumir cannabis de forma privada y segura. Estos clubes est\u00e1n regulados y operan bajo estrictas normas para garantizar la legalidad y la seguridad de todos los socios.<\/span><\/p><\/div>\n\t\t\t\t<\/div>\n\t\t\t\t\t\t\t\t\t\t<script type=\"application\/ld+json\">{\"@context\":\"https:\\\/\\\/schema.org\",\"@type\":\"FAQPage\",\"mainEntity\":[{\"@type\":\"Question\",\"name\":\"\\u00bfQu\\u00e9 es una Asociaci\\u00f3n Cann\\u00e1bica?\",\"acceptedAnswer\":{\"@type\":\"Answer\",\"text\":\"<p><span style=\\\"font-weight: 400;\\\">Una asociaci\\u00f3n cann\\u00e1bica en Barcelona es una organizaci\\u00f3n sin \\u00e1nimo de lucro donde los miembros pueden reunirse para consumir cannabis de forma privada y segura. Estos clubes est\\u00e1n regulados y operan bajo estrictas normas para garantizar la legalidad y la seguridad de todos los socios.<\\\/span><\\\/p>\"}}]}<\/script>\n\t\t\t\t\t<\/div>\n\t\t\t\t\t\t<\/div>\n\t\t\t\t<\/div>\n\t\t\t\t<\/div>\n\t\t\t\t\t<\/div>\n\t\t\t\t<\/div>\n\t\t<div class=\"elementor-element elementor-element-58fdd1b e-flex e-con-boxed e-con e-parent\" data-id=\"58fdd1b\" data-element_type=\"container\" data-e-type=\"container\">\n\t\t\t\t\t<div class=\"e-con-inner\">\n\t\t<div class=\"elementor-element elementor-element-edaf271 e-con-full e-flex e-con e-child\" data-id=\"edaf271\" data-element_type=\"container\" data-e-type=\"container\">\n\t\t\t\t<div class=\"elementor-element elementor-element-0bd7fd7 elementor-widget elementor-widget-heading\" data-id=\"0bd7fd7\" data-element_type=\"widget\" data-e-type=\"widget\" data-widget_type=\"heading.default\">\n\t\t\t\t<div class=\"elementor-widget-container\">\n\t\t\t\t\t<h4 class=\"elementor-heading-title elementor-size-default\">Preguntas Sobre el club cann\u00e1bico<\/h4>\t\t\t\t<\/div>\n\t\t\t\t<\/div>\n\t\t\t\t<\/div>\n\t\t<div class=\"elementor-element elementor-element-3f6cc9d e-con-full e-flex e-con e-child\" data-id=\"3f6cc9d\" data-element_type=\"container\" data-e-type=\"container\">\n\t\t\t\t<div class=\"elementor-element elementor-element-1a818bf elementor-widget elementor-widget-accordion\" data-id=\"1a818bf\" data-element_type=\"widget\" data-e-type=\"widget\" data-widget_type=\"accordion.default\">\n\t\t\t\t<div class=\"elementor-widget-container\">\n\t\t\t\t\t\t\t<div class=\"elementor-accordion\">\n\t\t\t\t\t\t\t<div class=\"elementor-accordion-item\">\n\t\t\t\t\t<h6 id=\"elementor-tab-title-2771\" class=\"elementor-tab-title\" data-tab=\"1\" role=\"button\" aria-controls=\"elementor-tab-content-2771\" aria-expanded=\"false\">\n\t\t\t\t\t\t\t\t\t\t\t\t\t<span class=\"elementor-accordion-icon elementor-accordion-icon-right\" aria-hidden=\"true\">\n\t\t\t\t\t\t\t\t\t\t\t\t\t\t\t<span class=\"elementor-accordion-icon-closed\"><i class=\"suppre-icon- suppre-icon-plus\"><\/i><\/span>\n\t\t\t\t\t\t\t\t<span class=\"elementor-accordion-icon-opened\"><i class=\"suppre-icon- suppre-icon-plus\"><\/i><\/span>\n\t\t\t\t\t\t\t\t\t\t\t\t\t\t<\/span>\n\t\t\t\t\t\t\t\t\t\t\t\t<a class=\"elementor-accordion-title\" tabindex=\"0\">\u00bfQui\u00e9n puede unirse a Terpy?<\/a>\n\t\t\t\t\t<\/h6>\n\t\t\t\t\t<div id=\"elementor-tab-content-2771\" class=\"elementor-tab-content elementor-clearfix\" data-tab=\"1\" role=\"region\" aria-labelledby=\"elementor-tab-title-2771\"><p><span style=\"font-weight: 400;\">Cualquier persona mayor de 18 a\u00f1os puede solicitar ser miembro de Terpy. Es necesario presentar un documento de identificaci\u00f3n v\u00e1lido y pasar por un proceso de registro para asegurar el cumplimiento de nuestras normas y pol\u00edticas.<\/span><\/p><\/div>\n\t\t\t\t<\/div>\n\t\t\t\t\t\t\t<div class=\"elementor-accordion-item\">\n\t\t\t\t\t<h6 id=\"elementor-tab-title-2772\" class=\"elementor-tab-title\" data-tab=\"2\" role=\"button\" aria-controls=\"elementor-tab-content-2772\" aria-expanded=\"false\">\n\t\t\t\t\t\t\t\t\t\t\t\t\t<span class=\"elementor-accordion-icon elementor-accordion-icon-right\" aria-hidden=\"true\">\n\t\t\t\t\t\t\t\t\t\t\t\t\t\t\t<span class=\"elementor-accordion-icon-closed\"><i class=\"suppre-icon- suppre-icon-plus\"><\/i><\/span>\n\t\t\t\t\t\t\t\t<span class=\"elementor-accordion-icon-opened\"><i class=\"suppre-icon- suppre-icon-plus\"><\/i><\/span>\n\t\t\t\t\t\t\t\t\t\t\t\t\t\t<\/span>\n\t\t\t\t\t\t\t\t\t\t\t\t<a class=\"elementor-accordion-title\" tabindex=\"0\">\u00bfC\u00f3mo me hago miembro de Terpy?<\/a>\n\t\t\t\t\t<\/h6>\n\t\t\t\t\t<div id=\"elementor-tab-content-2772\" class=\"elementor-tab-content elementor-clearfix\" data-tab=\"2\" role=\"region\" aria-labelledby=\"elementor-tab-title-2772\"><p><span style=\"font-weight: 400;\">Para unirte a nuestro cannabis club en Barcelona, debes rellenar un formulario de inscripci\u00f3n, presentar una identificaci\u00f3n y pagar la cuota de membres\u00eda. Puedes hacer esto en nuestra sede o a trav\u00e9s de nuestra p\u00e1gina web.<\/span><\/p><\/div>\n\t\t\t\t<\/div>\n\t\t\t\t\t\t\t<div class=\"elementor-accordion-item\">\n\t\t\t\t\t<h6 id=\"elementor-tab-title-2773\" class=\"elementor-tab-title\" data-tab=\"3\" role=\"button\" aria-controls=\"elementor-tab-content-2773\" aria-expanded=\"false\">\n\t\t\t\t\t\t\t\t\t\t\t\t\t<span class=\"elementor-accordion-icon elementor-accordion-icon-right\" aria-hidden=\"true\">\n\t\t\t\t\t\t\t\t\t\t\t\t\t\t\t<span class=\"elementor-accordion-icon-closed\"><i class=\"suppre-icon- suppre-icon-plus\"><\/i><\/span>\n\t\t\t\t\t\t\t\t<span class=\"elementor-accordion-icon-opened\"><i class=\"suppre-icon- suppre-icon-plus\"><\/i><\/span>\n\t\t\t\t\t\t\t\t\t\t\t\t\t\t<\/span>\n\t\t\t\t\t\t\t\t\t\t\t\t<a class=\"elementor-accordion-title\" tabindex=\"0\">\u00bfCu\u00e1les son los beneficios de ser miembro de Terpy?<\/a>\n\t\t\t\t\t<\/h6>\n\t\t\t\t\t<div id=\"elementor-tab-content-2773\" class=\"elementor-tab-content elementor-clearfix\" data-tab=\"3\" role=\"region\" aria-labelledby=\"elementor-tab-title-2773\"><p><span style=\"font-weight: 400;\">Como miembro de Terpy, tendr\u00e1s acceso a nuestros productos de alta calidad, eventos exclusivos, espacios c\u00f3modos para socializar y un ambiente seguro y acogedor. Tambi\u00e9n recibir\u00e1s descuentos especiales y promociones.<\/span><\/p><\/div>\n\t\t\t\t<\/div>\n\t\t\t\t\t\t\t<div class=\"elementor-accordion-item\">\n\t\t\t\t\t<h6 id=\"elementor-tab-title-2774\" class=\"elementor-tab-title\" data-tab=\"4\" role=\"button\" aria-controls=\"elementor-tab-content-2774\" aria-expanded=\"false\">\n\t\t\t\t\t\t\t\t\t\t\t\t\t<span class=\"elementor-accordion-icon elementor-accordion-icon-right\" aria-hidden=\"true\">\n\t\t\t\t\t\t\t\t\t\t\t\t\t\t\t<span class=\"elementor-accordion-icon-closed\"><i class=\"suppre-icon- suppre-icon-plus\"><\/i><\/span>\n\t\t\t\t\t\t\t\t<span class=\"elementor-accordion-icon-opened\"><i class=\"suppre-icon- suppre-icon-plus\"><\/i><\/span>\n\t\t\t\t\t\t\t\t\t\t\t\t\t\t<\/span>\n\t\t\t\t\t\t\t\t\t\t\t\t<a class=\"elementor-accordion-title\" tabindex=\"0\">\u00bfHay un costo para hacerse miembro?<\/a>\n\t\t\t\t\t<\/h6>\n\t\t\t\t\t<div id=\"elementor-tab-content-2774\" class=\"elementor-tab-content elementor-clearfix\" data-tab=\"4\" role=\"region\" aria-labelledby=\"elementor-tab-title-2774\"><p><span style=\"font-weight: 400;\">S\u00ed, existe una cuota de membres\u00eda que debe pagarse anualmente. Esta cuota nos permite mantener nuestras instalaciones y ofrecer productos y servicios de calidad.<\/span><\/p><\/div>\n\t\t\t\t<\/div>\n\t\t\t\t\t\t\t<div class=\"elementor-accordion-item\">\n\t\t\t\t\t<h6 id=\"elementor-tab-title-2775\" class=\"elementor-tab-title\" data-tab=\"5\" role=\"button\" aria-controls=\"elementor-tab-content-2775\" aria-expanded=\"false\">\n\t\t\t\t\t\t\t\t\t\t\t\t\t<span class=\"elementor-accordion-icon elementor-accordion-icon-right\" aria-hidden=\"true\">\n\t\t\t\t\t\t\t\t\t\t\t\t\t\t\t<span class=\"elementor-accordion-icon-closed\"><i class=\"suppre-icon- suppre-icon-plus\"><\/i><\/span>\n\t\t\t\t\t\t\t\t<span class=\"elementor-accordion-icon-opened\"><i class=\"suppre-icon- suppre-icon-plus\"><\/i><\/span>\n\t\t\t\t\t\t\t\t\t\t\t\t\t\t<\/span>\n\t\t\t\t\t\t\t\t\t\t\t\t<a class=\"elementor-accordion-title\" tabindex=\"0\">\u00bfPuedo traer invitados al club?<\/a>\n\t\t\t\t\t<\/h6>\n\t\t\t\t\t<div id=\"elementor-tab-content-2775\" class=\"elementor-tab-content elementor-clearfix\" data-tab=\"5\" role=\"region\" aria-labelledby=\"elementor-tab-title-2775\"><p><span style=\"font-weight: 400;\">Actualmente, Terpy no permite la entrada de invitados que no sean miembros registrados. Esto nos ayuda a mantener un ambiente seguro y exclusivo para nuestros socios.<\/span><\/p><p><br \/><br \/><\/p><\/div>\n\t\t\t\t<\/div>\n\t\t\t\t\t\t\t<div class=\"elementor-accordion-item\">\n\t\t\t\t\t<h6 id=\"elementor-tab-title-2776\" class=\"elementor-tab-title\" data-tab=\"6\" role=\"button\" aria-controls=\"elementor-tab-content-2776\" aria-expanded=\"false\">\n\t\t\t\t\t\t\t\t\t\t\t\t\t<span class=\"elementor-accordion-icon elementor-accordion-icon-right\" aria-hidden=\"true\">\n\t\t\t\t\t\t\t\t\t\t\t\t\t\t\t<span class=\"elementor-accordion-icon-closed\"><i class=\"suppre-icon- suppre-icon-plus\"><\/i><\/span>\n\t\t\t\t\t\t\t\t<span class=\"elementor-accordion-icon-opened\"><i class=\"suppre-icon- suppre-icon-plus\"><\/i><\/span>\n\t\t\t\t\t\t\t\t\t\t\t\t\t\t<\/span>\n\t\t\t\t\t\t\t\t\t\t\t\t<a class=\"elementor-accordion-title\" tabindex=\"0\">\u00bfQu\u00e9 tipo de instalaciones tiene Terpy?<\/a>\n\t\t\t\t\t<\/h6>\n\t\t\t\t\t<div id=\"elementor-tab-content-2776\" class=\"elementor-tab-content elementor-clearfix\" data-tab=\"6\" role=\"region\" aria-labelledby=\"elementor-tab-title-2776\"><p><span style=\"font-weight: 400;\">Terpy cuenta con amplios salones, \u00e1reas de descanso, una barra de bebidas y espacios dedicados para eventos. Nuestras instalaciones est\u00e1n dise\u00f1adas para ofrecer comodidad y estilo urbano a todos nuestros miembros.<\/span><\/p><\/div>\n\t\t\t\t<\/div>\n\t\t\t\t\t\t\t\t\t\t<script type=\"application\/ld+json\">{\"@context\":\"https:\\\/\\\/schema.org\",\"@type\":\"FAQPage\",\"mainEntity\":[{\"@type\":\"Question\",\"name\":\"\\u00bfQui\\u00e9n puede unirse a Terpy?\",\"acceptedAnswer\":{\"@type\":\"Answer\",\"text\":\"<p><span style=\\\"font-weight: 400;\\\">Cualquier persona mayor de 18 a\\u00f1os puede solicitar ser miembro de Terpy. Es necesario presentar un documento de identificaci\\u00f3n v\\u00e1lido y pasar por un proceso de registro para asegurar el cumplimiento de nuestras normas y pol\\u00edticas.<\\\/span><\\\/p>\"}},{\"@type\":\"Question\",\"name\":\"\\u00bfC\\u00f3mo me hago miembro de Terpy?\",\"acceptedAnswer\":{\"@type\":\"Answer\",\"text\":\"<p><span style=\\\"font-weight: 400;\\\">Para unirte a nuestro cannabis club en Barcelona, debes rellenar un formulario de inscripci\\u00f3n, presentar una identificaci\\u00f3n y pagar la cuota de membres\\u00eda. Puedes hacer esto en nuestra sede o a trav\\u00e9s de nuestra p\\u00e1gina web.<\\\/span><\\\/p>\"}},{\"@type\":\"Question\",\"name\":\"\\u00bfCu\\u00e1les son los beneficios de ser miembro de Terpy?\",\"acceptedAnswer\":{\"@type\":\"Answer\",\"text\":\"<p><span style=\\\"font-weight: 400;\\\">Como miembro de Terpy, tendr\\u00e1s acceso a nuestros productos de alta calidad, eventos exclusivos, espacios c\\u00f3modos para socializar y un ambiente seguro y acogedor. Tambi\\u00e9n recibir\\u00e1s descuentos especiales y promociones.<\\\/span><\\\/p>\"}},{\"@type\":\"Question\",\"name\":\"\\u00bfHay un costo para hacerse miembro?\",\"acceptedAnswer\":{\"@type\":\"Answer\",\"text\":\"<p><span style=\\\"font-weight: 400;\\\">S\\u00ed, existe una cuota de membres\\u00eda que debe pagarse anualmente. Esta cuota nos permite mantener nuestras instalaciones y ofrecer productos y servicios de calidad.<\\\/span><\\\/p>\"}},{\"@type\":\"Question\",\"name\":\"\\u00bfPuedo traer invitados al club?\",\"acceptedAnswer\":{\"@type\":\"Answer\",\"text\":\"<p><span style=\\\"font-weight: 400;\\\">Actualmente, Terpy no permite la entrada de invitados que no sean miembros registrados. Esto nos ayuda a mantener un ambiente seguro y exclusivo para nuestros socios.<\\\/span><\\\/p><p><br \\\/><br \\\/><\\\/p>\"}},{\"@type\":\"Question\",\"name\":\"\\u00bfQu\\u00e9 tipo de instalaciones tiene Terpy?\",\"acceptedAnswer\":{\"@type\":\"Answer\",\"text\":\"<p><span style=\\\"font-weight: 400;\\\">Terpy cuenta con amplios salones, \\u00e1reas de descanso, una barra de bebidas y espacios dedicados para eventos. Nuestras instalaciones est\\u00e1n dise\\u00f1adas para ofrecer comodidad y estilo urbano a todos nuestros miembros.<\\\/span><\\\/p>\"}}]}<\/script>\n\t\t\t\t\t<\/div>\n\t\t\t\t\t\t<\/div>\n\t\t\t\t<\/div>\n\t\t\t\t<\/div>\n\t\t\t\t\t<\/div>\n\t\t\t\t<\/div>\n\t\t<div class=\"elementor-element elementor-element-c46536c e-flex e-con-boxed e-con e-parent\" data-id=\"c46536c\" data-element_type=\"container\" data-e-type=\"container\">\n\t\t\t\t\t<div class=\"e-con-inner\">\n\t\t<div class=\"elementor-element elementor-element-ff02958 e-con-full e-flex e-con e-child\" data-id=\"ff02958\" data-element_type=\"container\" data-e-type=\"container\">\n\t\t\t\t<div class=\"elementor-element elementor-element-5da65ac elementor-widget elementor-widget-heading\" data-id=\"5da65ac\" data-element_type=\"widget\" data-e-type=\"widget\" data-widget_type=\"heading.default\">\n\t\t\t\t<div class=\"elementor-widget-container\">\n\t\t\t\t\t<h4 class=\"elementor-heading-title elementor-size-default\">Preguntas Legales<\/h4>\t\t\t\t<\/div>\n\t\t\t\t<\/div>\n\t\t\t\t<\/div>\n\t\t<div class=\"elementor-element elementor-element-1138f76 e-con-full e-flex e-con e-child\" data-id=\"1138f76\" data-element_type=\"container\" data-e-type=\"container\">\n\t\t\t\t<div class=\"elementor-element elementor-element-4fb3200 elementor-widget elementor-widget-accordion\" data-id=\"4fb3200\" data-element_type=\"widget\" data-e-type=\"widget\" data-widget_type=\"accordion.default\">\n\t\t\t\t<div class=\"elementor-widget-container\">\n\t\t\t\t\t\t\t<div class=\"elementor-accordion\">\n\t\t\t\t\t\t\t<div class=\"elementor-accordion-item\">\n\t\t\t\t\t<h6 id=\"elementor-tab-title-8351\" class=\"elementor-tab-title\" data-tab=\"1\" role=\"button\" aria-controls=\"elementor-tab-content-8351\" aria-expanded=\"false\">\n\t\t\t\t\t\t\t\t\t\t\t\t\t<span class=\"elementor-accordion-icon elementor-accordion-icon-right\" aria-hidden=\"true\">\n\t\t\t\t\t\t\t\t\t\t\t\t\t\t\t<span class=\"elementor-accordion-icon-closed\"><i class=\"suppre-icon- suppre-icon-plus\"><\/i><\/span>\n\t\t\t\t\t\t\t\t<span class=\"elementor-accordion-icon-opened\"><i class=\"suppre-icon- suppre-icon-plus\"><\/i><\/span>\n\t\t\t\t\t\t\t\t\t\t\t\t\t\t<\/span>\n\t\t\t\t\t\t\t\t\t\t\t\t<a class=\"elementor-accordion-title\" tabindex=\"0\">\u00bfEs legal consumir cannabis en Terpy?<\/a>\n\t\t\t\t\t<\/h6>\n\t\t\t\t\t<div id=\"elementor-tab-content-8351\" class=\"elementor-tab-content elementor-clearfix\" data-tab=\"1\" role=\"region\" aria-labelledby=\"elementor-tab-title-8351\"><p><span style=\"font-weight: 400;\">S\u00ed, el consumo de cannabis en Terpy es legal para nuestros miembros. Operamos bajo la normativa espa\u00f1ola que regula las asociaciones cann\u00e1bicas, garantizando un consumo seguro y privado.<\/span><\/p><\/div>\n\t\t\t\t<\/div>\n\t\t\t\t\t\t\t<div class=\"elementor-accordion-item\">\n\t\t\t\t\t<h6 id=\"elementor-tab-title-8352\" class=\"elementor-tab-title\" data-tab=\"2\" role=\"button\" aria-controls=\"elementor-tab-content-8352\" aria-expanded=\"false\">\n\t\t\t\t\t\t\t\t\t\t\t\t\t<span class=\"elementor-accordion-icon elementor-accordion-icon-right\" aria-hidden=\"true\">\n\t\t\t\t\t\t\t\t\t\t\t\t\t\t\t<span class=\"elementor-accordion-icon-closed\"><i class=\"suppre-icon- suppre-icon-plus\"><\/i><\/span>\n\t\t\t\t\t\t\t\t<span class=\"elementor-accordion-icon-opened\"><i class=\"suppre-icon- suppre-icon-plus\"><\/i><\/span>\n\t\t\t\t\t\t\t\t\t\t\t\t\t\t<\/span>\n\t\t\t\t\t\t\t\t\t\t\t\t<a class=\"elementor-accordion-title\" tabindex=\"0\">\u00bfEs legal consumir cannabis en Barcelona?<\/a>\n\t\t\t\t\t<\/h6>\n\t\t\t\t\t<div id=\"elementor-tab-content-8352\" class=\"elementor-tab-content elementor-clearfix\" data-tab=\"2\" role=\"region\" aria-labelledby=\"elementor-tab-title-8352\"><p>Fumar marihuana en espacios p\u00fablicos est\u00e1 terminalmente prohibido. Es legal fumar en lugares privados como nuestro club social cann\u00e1bico, Terpy.<\/p><\/div>\n\t\t\t\t<\/div>\n\t\t\t\t\t\t\t\t\t\t<script type=\"application\/ld+json\">{\"@context\":\"https:\\\/\\\/schema.org\",\"@type\":\"FAQPage\",\"mainEntity\":[{\"@type\":\"Question\",\"name\":\"\\u00bfEs legal consumir cannabis en Terpy?\",\"acceptedAnswer\":{\"@type\":\"Answer\",\"text\":\"<p><span style=\\\"font-weight: 400;\\\">S\\u00ed, el consumo de cannabis en Terpy es legal para nuestros miembros. Operamos bajo la normativa espa\\u00f1ola que regula las asociaciones cann\\u00e1bicas, garantizando un consumo seguro y privado.<\\\/span><\\\/p>\"}},{\"@type\":\"Question\",\"name\":\"\\u00bfEs legal consumir cannabis en Barcelona?\",\"acceptedAnswer\":{\"@type\":\"Answer\",\"text\":\"<p>Fumar marihuana en espacios p\\u00fablicos est\\u00e1 terminalmente prohibido. Es legal fumar en lugares privados como nuestro club social cann\\u00e1bico, Terpy.<\\\/p>\"}}]}<\/script>\n\t\t\t\t\t<\/div>\n\t\t\t\t\t\t<\/div>\n\t\t\t\t<\/div>\n\t\t\t\t<\/div>\n\t\t\t\t\t<\/div>\n\t\t\t\t<\/div>\n\t\t\t\t<\/div>\n\t\t","protected":false},"excerpt":{"rendered":"<p>Preguntas Frecuentes \u00bfQu\u00e9 es una Asociaci\u00f3n Cann\u00e1bica? Una asociaci\u00f3n cann\u00e1bica en Barcelona es una organizaci\u00f3n sin \u00e1nimo de lucro donde los miembros pueden reunirse para consumir cannabis de forma privada y segura. Estos clubes est\u00e1n regulados y operan bajo estrictas normas para garantizar la legalidad y la seguridad de todos los socios. Preguntas Sobre el [&hellip;]<\/p>\n","protected":false},"author":1,"featured_media":11379,"parent":0,"menu_order":0,"comment_status":"closed","ping_status":"closed","template":"template-homepage.php","meta":{"_joinchat":[],"footnotes":""},"class_list":["post-219","page","type-page","status-publish","has-post-thumbnail","hentry"],"_links":{"self":[{"href":"https:\/\/terpybcn.com\/fr\/wp-json\/wp\/v2\/pages\/219","targetHints":{"allow":["GET"]}}],"collection":[{"href":"https:\/\/terpybcn.com\/fr\/wp-json\/wp\/v2\/pages"}],"about":[{"href":"https:\/\/terpybcn.com\/fr\/wp-json\/wp\/v2\/types\/page"}],"author":[{"embeddable":true,"href":"https:\/\/terpybcn.com\/fr\/wp-json\/wp\/v2\/users\/1"}],"replies":[{"embeddable":true,"href":"https:\/\/terpybcn.com\/fr\/wp-json\/wp\/v2\/comments?post=219"}],"version-history":[{"count":6,"href":"https:\/\/terpybcn.com\/fr\/wp-json\/wp\/v2\/pages\/219\/revisions"}],"predecessor-version":[{"id":23678,"href":"https:\/\/terpybcn.com\/fr\/wp-json\/wp\/v2\/pages\/219\/revisions\/23678"}],"wp:featuredmedia":[{"embeddable":true,"href":"https:\/\/terpybcn.com\/fr\/wp-json\/wp\/v2\/media\/11379"}],"wp:attachment":[{"href":"https:\/\/terpybcn.com\/fr\/wp-json\/wp\/v2\/media?parent=219"}],"curies":[{"name":"wp","href":"https:\/\/api.w.org\/{rel}","templated":true}]}}