{"id":218,"date":"2023-03-21T09:27:52","date_gmt":"2023-03-21T09:27:52","guid":{"rendered":"https:\/\/demo2wpopal.b-cdn.net\/suppre\/?page_id=218"},"modified":"2024-05-23T12:42:45","modified_gmt":"2024-05-23T12:42:45","slug":"perche-scegliere-terpy","status":"publish","type":"page","link":"https:\/\/terpybcn.com\/it\/perche-scegliere-terpy\/","title":{"rendered":"PERCH\u00c9 SCEGLIERE TERPY"},"content":{"rendered":"<div data-elementor-type=\"wp-page\" data-elementor-id=\"218\" class=\"elementor elementor-218\" data-elementor-post-type=\"page\">\n\t\t\t\t<div class=\"elementor-element elementor-element-56b8904 e-flex e-con-boxed e-con e-parent\" data-id=\"56b8904\" data-element_type=\"container\" data-e-type=\"container\" data-settings=\"{&quot;background_background&quot;:&quot;classic&quot;}\">\n\t\t\t\t\t<div class=\"e-con-inner\">\n\t\t\t\t<div class=\"elementor-element elementor-element-576428b elementor-widget elementor-widget-heading\" data-id=\"576428b\" data-element_type=\"widget\" data-e-type=\"widget\" data-widget_type=\"heading.default\">\n\t\t\t\t<div class=\"elementor-widget-container\">\n\t\t\t\t\t<h1 class=\"elementor-heading-title elementor-size-default\">Perch\u00e9 scegliere Terpy?<\/h1>\t\t\t\t<\/div>\n\t\t\t\t<\/div>\n\t\t\t\t\t<\/div>\n\t\t\t\t<\/div>\n\t\t<div class=\"elementor-element elementor-element-0696b0d e-flex e-con-boxed e-con e-parent\" data-id=\"0696b0d\" data-element_type=\"container\" data-e-type=\"container\">\n\t\t\t\t\t<div class=\"e-con-inner\">\n\t\t<div class=\"elementor-element elementor-element-90f8b68 e-con-full e-flex e-con e-child\" data-id=\"90f8b68\" data-element_type=\"container\" data-e-type=\"container\">\n\t\t\t\t<div class=\"elementor-element elementor-element-d2bb0dd elementor-widget elementor-widget-heading\" data-id=\"d2bb0dd\" data-element_type=\"widget\" data-e-type=\"widget\" data-widget_type=\"heading.default\">\n\t\t\t\t<div class=\"elementor-widget-container\">\n\t\t\t\t\t<h2 class=\"elementor-heading-title elementor-size-default\">Rompere con la tradizione<\/h2>\t\t\t\t<\/div>\n\t\t\t\t<\/div>\n\t\t\t\t<div class=\"elementor-element elementor-element-aa6f1c3 elementor-widget elementor-widget-image\" data-id=\"aa6f1c3\" data-element_type=\"widget\" data-e-type=\"widget\" data-widget_type=\"image.default\">\n\t\t\t\t<div class=\"elementor-widget-container\">\n\t\t\t\t\t\t\t\t\t\t\t\t\t\t\t<img fetchpriority=\"high\" decoding=\"async\" width=\"980\" height=\"654\" src=\"https:\/\/terpybcn.com\/wp-content\/uploads\/2024\/05\/weed-club-barcelona-1024x683.png\" class=\"attachment-large size-large wp-image-11456\" alt=\"\" srcset=\"https:\/\/terpybcn.com\/wp-content\/uploads\/2024\/05\/weed-club-barcelona-1024x683.png 1024w, https:\/\/terpybcn.com\/wp-content\/uploads\/2024\/05\/weed-club-barcelona-300x200.png 300w, https:\/\/terpybcn.com\/wp-content\/uploads\/2024\/05\/weed-club-barcelona-768x512.png 768w, https:\/\/terpybcn.com\/wp-content\/uploads\/2024\/05\/weed-club-barcelona-900x600.png 900w, https:\/\/terpybcn.com\/wp-content\/uploads\/2024\/05\/weed-club-barcelona-1000x667.png 1000w, https:\/\/terpybcn.com\/wp-content\/uploads\/2024\/05\/weed-club-barcelona.png 1200w\" sizes=\"(max-width: 980px) 100vw, 980px\" \/>\t\t\t\t\t\t\t\t\t\t\t\t\t\t\t<\/div>\n\t\t\t\t<\/div>\n\t\t\t\t<div class=\"elementor-element elementor-element-ad87efd elementor-widget elementor-widget-text-editor\" data-id=\"ad87efd\" data-element_type=\"widget\" data-e-type=\"widget\" data-widget_type=\"text-editor.default\">\n\t\t\t\t<div class=\"elementor-widget-container\">\n\t\t\t\t\t\t\t\t\t<p><span style=\"font-weight: 400;\">Fin dalla sua fondazione, Terpy ha cercato di innovare il mondo delle associazioni di cannabis a Barcellona. Il nostro club \u00e8 un luogo in cui membri e collaboratori lavorano insieme per creare una comunit\u00e0 vibrante e accogliente, immersa nella cultura della cannabis della citt\u00e0.<\/span><\/p>\t\t\t\t\t\t\t\t<\/div>\n\t\t\t\t<\/div>\n\t\t\t\t<\/div>\n\t\t<div class=\"elementor-element elementor-element-9bf32e1 e-con-full e-flex e-con e-child\" data-id=\"9bf32e1\" data-element_type=\"container\" data-e-type=\"container\">\n\t\t\t\t<div class=\"elementor-element elementor-element-ecbe9f0 elementor-widget elementor-widget-heading\" data-id=\"ecbe9f0\" data-element_type=\"widget\" data-e-type=\"widget\" data-widget_type=\"heading.default\">\n\t\t\t\t<div class=\"elementor-widget-container\">\n\t\t\t\t\t<h2 class=\"elementor-heading-title elementor-size-default\">Spazi eleganti<\/h2>\t\t\t\t<\/div>\n\t\t\t\t<\/div>\n\t\t\t\t<div class=\"elementor-element elementor-element-10ec283 elementor-widget elementor-widget-image\" data-id=\"10ec283\" data-element_type=\"widget\" data-e-type=\"widget\" data-widget_type=\"image.default\">\n\t\t\t\t<div class=\"elementor-widget-container\">\n\t\t\t\t\t\t\t\t\t\t\t\t\t\t\t<img decoding=\"async\" width=\"980\" height=\"654\" src=\"https:\/\/terpybcn.com\/wp-content\/uploads\/2024\/05\/Imagen-del-salon-principal-con-decoracion-urbana-y-mobiliario-comodo-1024x683.png\" class=\"attachment-large size-large wp-image-11455\" alt=\"associazione cannabis a barcellona\" srcset=\"https:\/\/terpybcn.com\/wp-content\/uploads\/2024\/05\/Imagen-del-salon-principal-con-decoracion-urbana-y-mobiliario-comodo-1024x683.png 1024w, https:\/\/terpybcn.com\/wp-content\/uploads\/2024\/05\/Imagen-del-salon-principal-con-decoracion-urbana-y-mobiliario-comodo-300x200.png 300w, https:\/\/terpybcn.com\/wp-content\/uploads\/2024\/05\/Imagen-del-salon-principal-con-decoracion-urbana-y-mobiliario-comodo-768x512.png 768w, https:\/\/terpybcn.com\/wp-content\/uploads\/2024\/05\/Imagen-del-salon-principal-con-decoracion-urbana-y-mobiliario-comodo-900x600.png 900w, https:\/\/terpybcn.com\/wp-content\/uploads\/2024\/05\/Imagen-del-salon-principal-con-decoracion-urbana-y-mobiliario-comodo-1000x667.png 1000w, https:\/\/terpybcn.com\/wp-content\/uploads\/2024\/05\/Imagen-del-salon-principal-con-decoracion-urbana-y-mobiliario-comodo.png 1200w\" sizes=\"(max-width: 980px) 100vw, 980px\" \/>\t\t\t\t\t\t\t\t\t\t\t\t\t\t\t<\/div>\n\t\t\t\t<\/div>\n\t\t\t\t<div class=\"elementor-element elementor-element-644b293 elementor-widget elementor-widget-text-editor\" data-id=\"644b293\" data-element_type=\"widget\" data-e-type=\"widget\" data-widget_type=\"text-editor.default\">\n\t\t\t\t<div class=\"elementor-widget-container\">\n\t\t\t\t\t\t\t\t\t<p><span style=\"font-weight: 400;\">A Terpy vi diamo il benvenuto con una sala spaziosa ed elegante, decorata con arte urbana, illuminazione moderna e mobili confortevoli. Non siamo una bettola o uno spazio chiuso, siamo un cannabis club con uno stile tutto nostro che potrete percepire fin dal primo momento.<\/span><\/p>\t\t\t\t\t\t\t\t<\/div>\n\t\t\t\t<\/div>\n\t\t\t\t<\/div>\n\t\t\t\t\t<\/div>\n\t\t\t\t<\/div>\n\t\t<div class=\"elementor-element elementor-element-9c1c849 e-flex e-con-boxed e-con e-parent\" data-id=\"9c1c849\" data-element_type=\"container\" data-e-type=\"container\">\n\t\t\t\t\t<div class=\"e-con-inner\">\n\t\t<div class=\"elementor-element elementor-element-0bd40e9 e-con-full e-flex e-con e-child\" data-id=\"0bd40e9\" data-element_type=\"container\" data-e-type=\"container\">\n\t\t\t\t<div class=\"elementor-element elementor-element-25e4476 elementor-widget elementor-widget-heading\" data-id=\"25e4476\" data-element_type=\"widget\" data-e-type=\"widget\" data-widget_type=\"heading.default\">\n\t\t\t\t<div class=\"elementor-widget-container\">\n\t\t\t\t\t<h2 class=\"elementor-heading-title elementor-size-default\">Eventi e attivit\u00e0<\/h2>\t\t\t\t<\/div>\n\t\t\t\t<\/div>\n\t\t\t\t<div class=\"elementor-element elementor-element-f8a0e5a elementor-widget elementor-widget-image\" data-id=\"f8a0e5a\" data-element_type=\"widget\" data-e-type=\"widget\" data-widget_type=\"image.default\">\n\t\t\t\t<div class=\"elementor-widget-container\">\n\t\t\t\t\t\t\t\t\t\t\t\t\t\t\t<img decoding=\"async\" width=\"980\" height=\"654\" src=\"https:\/\/terpybcn.com\/wp-content\/uploads\/2024\/05\/Imagen-de-un-evento-en-el-club-1024x683.png\" class=\"attachment-large size-large wp-image-11453\" alt=\"\" srcset=\"https:\/\/terpybcn.com\/wp-content\/uploads\/2024\/05\/Imagen-de-un-evento-en-el-club-1024x683.png 1024w, https:\/\/terpybcn.com\/wp-content\/uploads\/2024\/05\/Imagen-de-un-evento-en-el-club-300x200.png 300w, https:\/\/terpybcn.com\/wp-content\/uploads\/2024\/05\/Imagen-de-un-evento-en-el-club-768x512.png 768w, https:\/\/terpybcn.com\/wp-content\/uploads\/2024\/05\/Imagen-de-un-evento-en-el-club-900x600.png 900w, https:\/\/terpybcn.com\/wp-content\/uploads\/2024\/05\/Imagen-de-un-evento-en-el-club-1000x667.png 1000w, https:\/\/terpybcn.com\/wp-content\/uploads\/2024\/05\/Imagen-de-un-evento-en-el-club.png 1200w\" sizes=\"(max-width: 980px) 100vw, 980px\" \/>\t\t\t\t\t\t\t\t\t\t\t\t\t\t\t<\/div>\n\t\t\t\t<\/div>\n\t\t\t\t<div class=\"elementor-element elementor-element-eb40786 elementor-widget elementor-widget-text-editor\" data-id=\"eb40786\" data-element_type=\"widget\" data-e-type=\"widget\" data-widget_type=\"text-editor.default\">\n\t\t\t\t<div class=\"elementor-widget-container\">\n\t\t\t\t\t\t\t\t\t<p><span style=\"font-weight: 400;\">Per spezzare la routine, organizziamo eventi e attivit\u00e0 che offrono qualcosa di diverso ogni settimana. Dalle proiezioni cinematografiche alle serate di karaoke, dai concerti dal vivo ai laboratori didattici, a Terpy c'\u00e8 sempre qualcosa di interessante.<\/span><\/p>\t\t\t\t\t\t\t\t<\/div>\n\t\t\t\t<\/div>\n\t\t\t\t<\/div>\n\t\t<div class=\"elementor-element elementor-element-5936d69 e-con-full e-flex e-con e-child\" data-id=\"5936d69\" data-element_type=\"container\" data-e-type=\"container\">\n\t\t\t\t<div class=\"elementor-element elementor-element-f0836e8 elementor-widget elementor-widget-heading\" data-id=\"f0836e8\" data-element_type=\"widget\" data-e-type=\"widget\" data-widget_type=\"heading.default\">\n\t\t\t\t<div class=\"elementor-widget-container\">\n\t\t\t\t\t<h2 class=\"elementor-heading-title elementor-size-default\">Impegno per l'eccellenza<\/h2>\t\t\t\t<\/div>\n\t\t\t\t<\/div>\n\t\t\t\t<div class=\"elementor-element elementor-element-15d5a12 elementor-widget elementor-widget-image\" data-id=\"15d5a12\" data-element_type=\"widget\" data-e-type=\"widget\" data-widget_type=\"image.default\">\n\t\t\t\t<div class=\"elementor-widget-container\">\n\t\t\t\t\t\t\t\t\t\t\t\t\t\t\t<img loading=\"lazy\" decoding=\"async\" width=\"980\" height=\"654\" src=\"https:\/\/terpybcn.com\/wp-content\/uploads\/2024\/05\/Imagen-del-equipo-asistiendo-a-los-socios-con-productos-de-calidad-1024x683.png\" class=\"attachment-large size-large wp-image-11457\" alt=\"cannabis club a barcellona\" srcset=\"https:\/\/terpybcn.com\/wp-content\/uploads\/2024\/05\/Imagen-del-equipo-asistiendo-a-los-socios-con-productos-de-calidad-1024x683.png 1024w, https:\/\/terpybcn.com\/wp-content\/uploads\/2024\/05\/Imagen-del-equipo-asistiendo-a-los-socios-con-productos-de-calidad-300x200.png 300w, https:\/\/terpybcn.com\/wp-content\/uploads\/2024\/05\/Imagen-del-equipo-asistiendo-a-los-socios-con-productos-de-calidad-768x512.png 768w, https:\/\/terpybcn.com\/wp-content\/uploads\/2024\/05\/Imagen-del-equipo-asistiendo-a-los-socios-con-productos-de-calidad-900x600.png 900w, https:\/\/terpybcn.com\/wp-content\/uploads\/2024\/05\/Imagen-del-equipo-asistiendo-a-los-socios-con-productos-de-calidad-1000x667.png 1000w, https:\/\/terpybcn.com\/wp-content\/uploads\/2024\/05\/Imagen-del-equipo-asistiendo-a-los-socios-con-productos-de-calidad.png 1200w\" sizes=\"(max-width: 980px) 100vw, 980px\" \/>\t\t\t\t\t\t\t\t\t\t\t\t\t\t\t<\/div>\n\t\t\t\t<\/div>\n\t\t\t\t<div class=\"elementor-element elementor-element-81afe4f elementor-widget elementor-widget-text-editor\" data-id=\"81afe4f\" data-element_type=\"widget\" data-e-type=\"widget\" data-widget_type=\"text-editor.default\">\n\t\t\t\t<div class=\"elementor-widget-container\">\n\t\t\t\t\t\t\t\t\t<p><span style=\"font-weight: 400;\">A Terpy vi diamo il benvenuto con una sala spaziosa ed elegante, decorata con arte urbana, illuminazione moderna e mobili confortevoli. Non siamo una bettola o uno spazio chiuso, siamo un cannabis club con uno stile tutto nostro che potrete percepire fin dal primo momento.<\/span><\/p>\t\t\t\t\t\t\t\t<\/div>\n\t\t\t\t<\/div>\n\t\t\t\t<\/div>\n\t\t\t\t\t<\/div>\n\t\t\t\t<\/div>\n\t\t<div class=\"elementor-element elementor-element-fb3bf15 e-flex e-con-boxed e-con e-parent\" data-id=\"fb3bf15\" data-element_type=\"container\" data-e-type=\"container\">\n\t\t\t\t\t<div class=\"e-con-inner\">\n\t\t\t\t<div class=\"elementor-element elementor-element-2482575 elementor-widget elementor-widget-heading\" data-id=\"2482575\" data-element_type=\"widget\" data-e-type=\"widget\" data-widget_type=\"heading.default\">\n\t\t\t\t<div class=\"elementor-widget-container\">\n\t\t\t\t\t<h2 class=\"elementor-heading-title elementor-size-default\">Connettersi e divertirsi<\/h2>\t\t\t\t<\/div>\n\t\t\t\t<\/div>\n\t\t\t\t<div class=\"elementor-element elementor-element-89d9a8e elementor-widget elementor-widget-image\" data-id=\"89d9a8e\" data-element_type=\"widget\" data-e-type=\"widget\" data-widget_type=\"image.default\">\n\t\t\t\t<div class=\"elementor-widget-container\">\n\t\t\t\t\t\t\t\t\t\t\t\t\t\t\t<img loading=\"lazy\" decoding=\"async\" width=\"980\" height=\"654\" src=\"https:\/\/terpybcn.com\/wp-content\/uploads\/2024\/05\/social-club-barcelona-1024x683.png\" class=\"attachment-large size-large wp-image-11458\" alt=\"\" srcset=\"https:\/\/terpybcn.com\/wp-content\/uploads\/2024\/05\/social-club-barcelona-1024x683.png 1024w, https:\/\/terpybcn.com\/wp-content\/uploads\/2024\/05\/social-club-barcelona-300x200.png 300w, https:\/\/terpybcn.com\/wp-content\/uploads\/2024\/05\/social-club-barcelona-768x512.png 768w, https:\/\/terpybcn.com\/wp-content\/uploads\/2024\/05\/social-club-barcelona-900x600.png 900w, https:\/\/terpybcn.com\/wp-content\/uploads\/2024\/05\/social-club-barcelona-1000x667.png 1000w, https:\/\/terpybcn.com\/wp-content\/uploads\/2024\/05\/social-club-barcelona.png 1200w\" sizes=\"(max-width: 980px) 100vw, 980px\" \/>\t\t\t\t\t\t\t\t\t\t\t\t\t\t\t<\/div>\n\t\t\t\t<\/div>\n\t\t\t\t<div class=\"elementor-element elementor-element-b632fd5 elementor-widget elementor-widget-text-editor\" data-id=\"b632fd5\" data-element_type=\"widget\" data-e-type=\"widget\" data-widget_type=\"text-editor.default\">\n\t\t\t\t<div class=\"elementor-widget-container\">\n\t\t\t\t\t\t\t\t\t<p><span style=\"font-weight: 400;\">Diamo valore alla diversit\u00e0 e mettiamo in contatto persone provenienti da diverse parti del mondo. Il nostro club \u00e8 il luogo ideale per incontrare nuove persone e godere di un ambiente inclusivo e amichevole.<\/span><\/p>\t\t\t\t\t\t\t\t<\/div>\n\t\t\t\t<\/div>\n\t\t\t\t<div class=\"elementor-element elementor-element-3eeeb93 elementor-align-center elementor-widget elementor-widget-button\" data-id=\"3eeeb93\" data-element_type=\"widget\" data-e-type=\"widget\" data-widget_type=\"button.default\">\n\t\t\t\t<div class=\"elementor-widget-container\">\n\t\t\t\t\t\t\t\t\t<div class=\"elementor-button-wrapper\">\n\t\t\t\t\t<a class=\"elementor-button elementor-button-link elementor-size-sm\" href=\"#\" id=\"https:\/\/terpybcn.com\/#form\">\n\t\t\t\t\t\t<span class=\"elementor-button-content-wrapper\">\n\t\t\t\t\t\t\t\t\t<span class=\"elementor-button-text\">Unisciti a Terpy oggi<\/span>\n\t\t\t\t\t<\/span>\n\t\t\t\t\t<\/a>\n\t\t\t\t<\/div>\n\t\t\t\t\t\t\t\t<\/div>\n\t\t\t\t<\/div>\n\t\t\t\t\t<\/div>\n\t\t\t\t<\/div>\n\t\t<div class=\"elementor-element elementor-element-9f7e814 e-flex e-con-boxed e-con e-parent\" data-id=\"9f7e814\" data-element_type=\"container\" data-e-type=\"container\">\n\t\t\t\t\t<div class=\"e-con-inner\">\n\t\t\t\t<div class=\"elementor-element elementor-element-077a64c elementor-widget elementor-widget-video\" data-id=\"077a64c\" data-element_type=\"widget\" data-e-type=\"widget\" data-settings=\"{&quot;youtube_url&quot;:&quot;https:\\\/\\\/www.youtube.com\\\/watch?v=QNDyoY-YEUY&quot;,&quot;video_type&quot;:&quot;youtube&quot;,&quot;controls&quot;:&quot;yes&quot;}\" data-widget_type=\"video.default\">\n\t\t\t\t<div class=\"elementor-widget-container\">\n\t\t\t\t\t\t\t<div class=\"elementor-wrapper elementor-open-inline\">\n\t\t\t<div class=\"elementor-video\"><\/div>\t\t<\/div>\n\t\t\t\t\t\t<\/div>\n\t\t\t\t<\/div>\n\t\t\t\t\t<\/div>\n\t\t\t\t<\/div>\n\t\t\t\t<\/div>","protected":false},"excerpt":{"rendered":"<p>\u00bfPor qu\u00e9 Elegir Terpy? Rompiendo lo Tradicional Desde su fundaci\u00f3n, Terpy ha buscado innovar en el mundo de las asociaciones cann\u00e1bicas en Barcelona. Nuestro club es un lugar donde los socios y colaboradores trabajan juntos para crear una comunidad vibrante y acogedora, inmersa en la cultura cann\u00e1bica de la ciudad. Espacios con Estilo En Terpy, [&hellip;]<\/p>\n","protected":false},"author":1,"featured_media":11455,"parent":0,"menu_order":0,"comment_status":"closed","ping_status":"closed","template":"template-homepage.php","meta":{"_joinchat":[],"footnotes":""},"class_list":["post-218","page","type-page","status-publish","has-post-thumbnail","hentry"],"_links":{"self":[{"href":"https:\/\/terpybcn.com\/it\/wp-json\/wp\/v2\/pages\/218","targetHints":{"allow":["GET"]}}],"collection":[{"href":"https:\/\/terpybcn.com\/it\/wp-json\/wp\/v2\/pages"}],"about":[{"href":"https:\/\/terpybcn.com\/it\/wp-json\/wp\/v2\/types\/page"}],"author":[{"embeddable":true,"href":"https:\/\/terpybcn.com\/it\/wp-json\/wp\/v2\/users\/1"}],"replies":[{"embeddable":true,"href":"https:\/\/terpybcn.com\/it\/wp-json\/wp\/v2\/comments?post=218"}],"version-history":[{"count":0,"href":"https:\/\/terpybcn.com\/it\/wp-json\/wp\/v2\/pages\/218\/revisions"}],"wp:featuredmedia":[{"embeddable":true,"href":"https:\/\/terpybcn.com\/it\/wp-json\/wp\/v2\/media\/11455"}],"wp:attachment":[{"href":"https:\/\/terpybcn.com\/it\/wp-json\/wp\/v2\/media?parent=218"}],"curies":[{"name":"wp","href":"https:\/\/api.w.org\/{rel}","templated":true}]}}